{"id":1543,"date":"2021-05-26T13:45:18","date_gmt":"2021-05-26T13:45:18","guid":{"rendered":"http:\/\/dralejovillarreal.com\/?page_id=1543"},"modified":"2021-05-27T00:13:10","modified_gmt":"2021-05-27T00:13:10","slug":"implantes","status":"publish","type":"page","link":"https:\/\/dralejovillarreal.com\/en\/implantes\/","title":{"rendered":"Implants"},"content":{"rendered":"<div data-elementor-type=\"wp-page\" data-elementor-id=\"1543\" class=\"elementor elementor-1543\" data-elementor-post-type=\"page\">\n\t\t\t\t\t\t<section class=\"elementor-section elementor-top-section elementor-element elementor-element-64dfe5db elementor-section-full_width elementor-section-height-default elementor-section-height-default\" data-id=\"64dfe5db\" data-element_type=\"section\" data-settings=\"{&quot;background_background&quot;:&quot;classic&quot;}\">\n\t\t\t\t\t\t<div class=\"elementor-container elementor-column-gap-no\">\n\t\t\t\t\t<div class=\"elementor-column elementor-col-100 elementor-top-column elementor-element elementor-element-2e8f7d41\" data-id=\"2e8f7d41\" data-element_type=\"column\">\n\t\t\t<div class=\"elementor-widget-wrap elementor-element-populated\">\n\t\t\t\t\t\t<div class=\"elementor-element elementor-element-591c2891 elementor-widget elementor-widget-heading\" data-id=\"591c2891\" data-element_type=\"widget\" data-widget_type=\"heading.default\">\n\t\t\t\t<div class=\"elementor-widget-container\">\n\t\t\t\t\t<h2 class=\"elementor-heading-title elementor-size-default\">Implants<\/h2>\t\t\t\t<\/div>\n\t\t\t\t<\/div>\n\t\t\t\t<div class=\"elementor-element elementor-element-7bfc3eef elementor-absolute elementor-widget elementor-widget-heading\" data-id=\"7bfc3eef\" data-element_type=\"widget\" data-settings=\"{&quot;_position&quot;:&quot;absolute&quot;}\" data-widget_type=\"heading.default\">\n\t\t\t\t<div class=\"elementor-widget-container\">\n\t\t\t\t\t<span class=\"elementor-heading-title elementor-size-default\">AV<\/span>\t\t\t\t<\/div>\n\t\t\t\t<\/div>\n\t\t\t\t<div class=\"elementor-element elementor-element-6a70deb4 elementor-widget elementor-widget-image\" data-id=\"6a70deb4\" data-element_type=\"widget\" data-widget_type=\"image.default\">\n\t\t\t\t<div class=\"elementor-widget-container\">\n\t\t\t\t\t\t\t\t\t\t\t\t\t\t\t<img fetchpriority=\"high\" decoding=\"async\" width=\"1920\" height=\"1080\" src=\"https:\/\/dralejovillarreal.com\/wp-content\/uploads\/2021\/05\/5j0-x1334-4.png\" class=\"attachment-full size-full wp-image-753\" alt=\"5j0 x1334 4\" srcset=\"https:\/\/dralejovillarreal.com\/wp-content\/uploads\/2021\/05\/5j0-x1334-4.png 1920w, https:\/\/dralejovillarreal.com\/wp-content\/uploads\/2021\/05\/5j0-x1334-4-300x169.png 300w, https:\/\/dralejovillarreal.com\/wp-content\/uploads\/2021\/05\/5j0-x1334-4-1024x576.png 1024w, https:\/\/dralejovillarreal.com\/wp-content\/uploads\/2021\/05\/5j0-x1334-4-768x432.png 768w, https:\/\/dralejovillarreal.com\/wp-content\/uploads\/2021\/05\/5j0-x1334-4-1536x864.png 1536w, https:\/\/dralejovillarreal.com\/wp-content\/uploads\/2021\/05\/5j0-x1334-4-16x9.png 16w\" sizes=\"(max-width: 1920px) 100vw, 1920px\" \/>\t\t\t\t\t\t\t\t\t\t\t\t\t\t\t<\/div>\n\t\t\t\t<\/div>\n\t\t\t\t<section class=\"elementor-section elementor-inner-section elementor-element elementor-element-108825cf elementor-section-boxed elementor-section-height-default elementor-section-height-default\" data-id=\"108825cf\" data-element_type=\"section\">\n\t\t\t\t\t\t<div class=\"elementor-container elementor-column-gap-default\">\n\t\t\t\t\t<div class=\"elementor-column elementor-col-100 elementor-inner-column elementor-element elementor-element-ee35759\" data-id=\"ee35759\" data-element_type=\"column\">\n\t\t\t<div class=\"elementor-widget-wrap elementor-element-populated\">\n\t\t\t\t\t\t<div class=\"elementor-element elementor-element-3d3fe178 elementor-widget elementor-widget-heading\" data-id=\"3d3fe178\" data-element_type=\"widget\" data-widget_type=\"heading.default\">\n\t\t\t\t<div class=\"elementor-widget-container\">\n\t\t\t\t\t<h6 class=\"elementor-heading-title elementor-size-default\">Your Implants<\/h6>\t\t\t\t<\/div>\n\t\t\t\t<\/div>\n\t\t\t\t<div class=\"elementor-element elementor-element-7dc72179 elementor-widget elementor-widget-text-editor\" data-id=\"7dc72179\" data-element_type=\"widget\" data-widget_type=\"text-editor.default\">\n\t\t\t\t<div class=\"elementor-widget-container\">\n\t\t\t\t\t\t\t\t\t<p class=\"p1\"><span class=\"s1\">There is nothing more powerful for a patient than to feel confident that he or she is getting the best implants in the world.<\/span><\/p>\t\t\t\t\t\t\t\t<\/div>\n\t\t\t\t<\/div>\n\t\t\t\t\t<\/div>\n\t\t<\/div>\n\t\t\t\t\t<\/div>\n\t\t<\/section>\n\t\t\t\t\t<\/div>\n\t\t<\/div>\n\t\t\t\t\t<\/div>\n\t\t<\/section>\n\t\t\t\t<section class=\"elementor-section elementor-top-section elementor-element elementor-element-9f2e29f elementor-section-full_width elementor-section-height-default elementor-section-height-default\" data-id=\"9f2e29f\" data-element_type=\"section\" data-settings=\"{&quot;background_background&quot;:&quot;classic&quot;}\">\n\t\t\t\t\t\t<div class=\"elementor-container elementor-column-gap-no\">\n\t\t\t\t\t<div class=\"elementor-column elementor-col-100 elementor-top-column elementor-element elementor-element-88bf6f9\" data-id=\"88bf6f9\" data-element_type=\"column\">\n\t\t\t<div class=\"elementor-widget-wrap\">\n\t\t\t\t\t\t\t<\/div>\n\t\t<\/div>\n\t\t\t\t\t<\/div>\n\t\t<\/section>\n\t\t\t\t<section class=\"elementor-section elementor-top-section elementor-element elementor-element-6cf9f08 elementor-section-full_width elementor-section-content-middle elementor-section-height-default elementor-section-height-default\" data-id=\"6cf9f08\" data-element_type=\"section\" data-settings=\"{&quot;background_background&quot;:&quot;classic&quot;}\">\n\t\t\t\t\t\t<div class=\"elementor-container elementor-column-gap-default\">\n\t\t\t\t\t<div class=\"elementor-column elementor-col-100 elementor-top-column elementor-element elementor-element-9ea3d2a\" data-id=\"9ea3d2a\" data-element_type=\"column\" data-settings=\"{&quot;background_background&quot;:&quot;classic&quot;}\">\n\t\t\t<div class=\"elementor-widget-wrap elementor-element-populated\">\n\t\t\t\t\t<div class=\"elementor-background-overlay\"><\/div>\n\t\t\t\t\t\t<div class=\"elementor-element elementor-element-c3b4f86 elementor-widget elementor-widget-testimonial\" data-id=\"c3b4f86\" data-element_type=\"widget\" data-widget_type=\"testimonial.default\">\n\t\t\t\t<div class=\"elementor-widget-container\">\n\t\t\t\t\t\t\t<div class=\"elementor-testimonial-wrapper\">\n\t\t\t\t\t\t\t<div class=\"elementor-testimonial-content\">The kindness and level of attention that Dr. Alejo Villarreal and his team gave me is something that I will always appreciate <\/div>\n\t\t\t\n\t\t\t\t\t\t<div class=\"elementor-testimonial-meta elementor-has-image elementor-testimonial-image-position-top\">\n\t\t\t\t<div class=\"elementor-testimonial-meta-inner\">\n\t\t\t\t\t\t\t\t\t\t\t<div class=\"elementor-testimonial-image\">\n\t\t\t\t\t\t\t<img decoding=\"async\" src=\"http:\/\/dralejovillarreal.com\/wp-content\/uploads\/2021\/05\/Fernando.png\" title=\"\" alt=\"\" loading=\"lazy\" \/>\t\t\t\t\t\t<\/div>\n\t\t\t\t\t\n\t\t\t\t\t\t\t\t\t\t<div class=\"elementor-testimonial-details\">\n\t\t\t\t\t\t\t\t\t\t\t\t\t\t<div class=\"elementor-testimonial-name\">Paul M<\/div>\n\t\t\t\t\t\t\t\t\t\t\t\t\t\t\t\t\t\t\t\t\t\t<div class=\"elementor-testimonial-job\">Store manager <\/div>\n\t\t\t\t\t\t\t\t\t\t\t\t\t<\/div>\n\t\t\t\t\t\t\t\t\t<\/div>\n\t\t\t<\/div>\n\t\t\t\t\t<\/div>\n\t\t\t\t\t\t<\/div>\n\t\t\t\t<\/div>\n\t\t\t\t\t<\/div>\n\t\t<\/div>\n\t\t\t\t\t<\/div>\n\t\t<\/section>\n\t\t\t\t<\/div>","protected":false},"excerpt":{"rendered":"<p>implantes AV Tus Implantes No hay nada m\u00e1s poderoso para un paciente, que sentirse seguro de que est\u00e1 recibiendo los mejores implantes que el mundo ha producido. La amabilidad y el nivel de atenci\u00f3n que el Dr. Alejo Villarreal y su equipo me dieron es algo que siempre agradecer\u00e9. Paul M Gerente de tienda<\/p>","protected":false},"author":1,"featured_media":0,"parent":0,"menu_order":0,"comment_status":"closed","ping_status":"closed","template":"","meta":{"footnotes":""},"class_list":["post-1543","page","type-page","status-publish","hentry"],"_links":{"self":[{"href":"https:\/\/dralejovillarreal.com\/en\/wp-json\/wp\/v2\/pages\/1543","targetHints":{"allow":["GET"]}}],"collection":[{"href":"https:\/\/dralejovillarreal.com\/en\/wp-json\/wp\/v2\/pages"}],"about":[{"href":"https:\/\/dralejovillarreal.com\/en\/wp-json\/wp\/v2\/types\/page"}],"author":[{"embeddable":true,"href":"https:\/\/dralejovillarreal.com\/en\/wp-json\/wp\/v2\/users\/1"}],"replies":[{"embeddable":true,"href":"https:\/\/dralejovillarreal.com\/en\/wp-json\/wp\/v2\/comments?post=1543"}],"version-history":[{"count":73,"href":"https:\/\/dralejovillarreal.com\/en\/wp-json\/wp\/v2\/pages\/1543\/revisions"}],"predecessor-version":[{"id":1844,"href":"https:\/\/dralejovillarreal.com\/en\/wp-json\/wp\/v2\/pages\/1543\/revisions\/1844"}],"wp:attachment":[{"href":"https:\/\/dralejovillarreal.com\/en\/wp-json\/wp\/v2\/media?parent=1543"}],"curies":[{"name":"wp","href":"https:\/\/api.w.org\/{rel}","templated":true}]}}