{"id":11335,"date":"2022-07-30T14:43:45","date_gmt":"2022-07-30T14:43:45","guid":{"rendered":"https:\/\/dralejovillarreal.com\/?page_id=11335"},"modified":"2023-01-21T06:06:55","modified_gmt":"2023-01-21T06:06:55","slug":"pacientes","status":"publish","type":"page","link":"https:\/\/dralejovillarreal.com\/en\/pacientes\/","title":{"rendered":"Patients"},"content":{"rendered":"<div data-elementor-type=\"wp-page\" data-elementor-id=\"11335\" class=\"elementor elementor-11335\" data-elementor-post-type=\"page\">\n\t\t\t\t\t\t<section class=\"elementor-section elementor-top-section elementor-element elementor-element-21c5a31 elementor-section-content-middle elementor-section-boxed elementor-section-height-default elementor-section-height-default\" data-id=\"21c5a31\" data-element_type=\"section\" data-settings=\"{&quot;background_background&quot;:&quot;classic&quot;}\">\n\t\t\t\t\t\t\t<div class=\"elementor-background-overlay\"><\/div>\n\t\t\t\t\t\t\t<div class=\"elementor-container elementor-column-gap-no\">\n\t\t\t\t\t<div class=\"elementor-column elementor-col-50 elementor-top-column elementor-element elementor-element-17896da\" data-id=\"17896da\" data-element_type=\"column\" data-settings=\"{&quot;background_background&quot;:&quot;classic&quot;}\">\n\t\t\t<div class=\"elementor-widget-wrap elementor-element-populated\">\n\t\t\t\t\t\t<div class=\"elementor-element elementor-element-b91f131 elementor-widget elementor-widget-heading\" data-id=\"b91f131\" data-element_type=\"widget\" data-widget_type=\"heading.default\">\n\t\t\t\t<div class=\"elementor-widget-container\">\n\t\t\t\t\t<h4 class=\"elementor-heading-title elementor-size-default\">Book a free video call<\/h4>\t\t\t\t<\/div>\n\t\t\t\t<\/div>\n\t\t\t\t<div class=\"elementor-element elementor-element-27c5ed1 elementor-widget elementor-widget-text-editor\" data-id=\"27c5ed1\" data-element_type=\"widget\" data-widget_type=\"text-editor.default\">\n\t\t\t\t<div class=\"elementor-widget-container\">\n\t\t\t\t\t\t\t\t\t<p>Know pricing and requirements before scheduling a consultation with Dr. Alejo Villarreal about your <span style=\"color: #ffff00;\">orthognathic and cosmetic surgeries.<\/span><\/p>\t\t\t\t\t\t\t\t<\/div>\n\t\t\t\t<\/div>\n\t\t\t\t\t<\/div>\n\t\t<\/div>\n\t\t\t\t<div class=\"elementor-column elementor-col-50 elementor-top-column elementor-element elementor-element-cfbdd4a\" data-id=\"cfbdd4a\" data-element_type=\"column\" data-settings=\"{&quot;background_background&quot;:&quot;classic&quot;}\">\n\t\t\t<div class=\"elementor-widget-wrap elementor-element-populated\">\n\t\t\t\t\t\t<div class=\"elementor-element elementor-element-0f2c39c elementor-align-center elementor-widget elementor-widget-button\" data-id=\"0f2c39c\" data-element_type=\"widget\" data-widget_type=\"button.default\">\n\t\t\t\t<div class=\"elementor-widget-container\">\n\t\t\t\t\t\t\t\t\t<div class=\"elementor-button-wrapper\">\n\t\t\t\t\t<a class=\"elementor-button elementor-button-link elementor-size-lg\" href=\"https:\/\/dralejovillarreal.com\/en\/booking\/\">\n\t\t\t\t\t\t<span class=\"elementor-button-content-wrapper\">\n\t\t\t\t\t\t<span class=\"elementor-button-icon\">\n\t\t\t\t<svg xmlns=\"http:\/\/www.w3.org\/2000\/svg\" id=\"b385ca18-4b85-46d4-bb4b-571c73a19812\" data-name=\"b922a425-e5e0-4ef1-881c-5748460fd139\" viewbox=\"0 0 30.125 18.1738\"><title>arrow-icon-size3<\/title><path d=\"M29.75,9.3948,21.5281,1.1735a.8479.8479,0,0,0-.601-.261L20.9124.9119a.8526.8526,0,0,0-.5956.2409.8642.8642,0,0,0-.0027,1.23l6.7618,6.7611H.7316a.8566.8566,0,1,0,0,1.7131H27.0759l-6.7591,6.7591a.8576.8576,0,0,0-.0214,1.2113.8462.8462,0,0,0,.61.2583.8949.8949,0,0,0,.621-.2556l8.2233-8.224A.8587.8587,0,0,0,29.75,9.3948Z\" transform=\"translate(0.125 -0.9119)\"><\/path><\/svg>\t\t\t<\/span>\n\t\t\t\t\t\t\t\t\t<span class=\"elementor-button-text\">Book it<\/span>\n\t\t\t\t\t<\/span>\n\t\t\t\t\t<\/a>\n\t\t\t\t<\/div>\n\t\t\t\t\t\t\t\t<\/div>\n\t\t\t\t<\/div>\n\t\t\t\t\t<\/div>\n\t\t<\/div>\n\t\t\t\t\t<\/div>\n\t\t<\/section>\n\t\t\t\t<section class=\"elementor-section elementor-top-section elementor-element elementor-element-ac81c75 elementor-section-boxed elementor-section-height-default elementor-section-height-default\" data-id=\"ac81c75\" data-element_type=\"section\" data-settings=\"{&quot;background_background&quot;:&quot;classic&quot;}\">\n\t\t\t\t\t\t<div class=\"elementor-container elementor-column-gap-default\">\n\t\t\t\t\t<div class=\"elementor-column elementor-col-100 elementor-top-column elementor-element elementor-element-f992bb9\" data-id=\"f992bb9\" data-element_type=\"column\">\n\t\t\t<div class=\"elementor-widget-wrap elementor-element-populated\">\n\t\t\t\t\t\t<div class=\"elementor-element elementor-element-5753ba0 elementor-widget elementor-widget-heading\" data-id=\"5753ba0\" data-element_type=\"widget\" data-widget_type=\"heading.default\">\n\t\t\t\t<div class=\"elementor-widget-container\">\n\t\t\t\t\t<h2 class=\"elementor-heading-title elementor-size-large\"><a href=\"https:\/\/dralejovillarreal.com\/en\/facial-implants\/\">Custom perfection<\/a><\/h2>\t\t\t\t<\/div>\n\t\t\t\t<\/div>\n\t\t\t\t<div class=\"elementor-element elementor-element-bdd64c2 elementor-widget elementor-widget-text-editor\" data-id=\"bdd64c2\" data-element_type=\"widget\" data-widget_type=\"text-editor.default\">\n\t\t\t\t<div class=\"elementor-widget-container\">\n\t\t\t\t\t\t\t\t\t<p class=\"p1\">A picture is worth a thousand words, and Dr. Villarreal's patients embody the true meaning of it.\u00a0<\/p>\t\t\t\t\t\t\t\t<\/div>\n\t\t\t\t<\/div>\n\t\t\t\t\t<\/div>\n\t\t<\/div>\n\t\t\t\t\t<\/div>\n\t\t<\/section>\n\t\t\t\t<section class=\"elementor-section elementor-top-section elementor-element elementor-element-76d8298a elementor-section-content-middle elementor-section-boxed elementor-section-height-default elementor-section-height-default\" data-id=\"76d8298a\" data-element_type=\"section\">\n\t\t\t\t\t\t<div class=\"elementor-container elementor-column-gap-no\">\n\t\t\t\t\t<div class=\"elementor-column elementor-col-25 elementor-top-column elementor-element elementor-element-f354422\" data-id=\"f354422\" data-element_type=\"column\">\n\t\t\t<div class=\"elementor-widget-wrap elementor-element-populated\">\n\t\t\t\t\t\t<div class=\"elementor-element elementor-element-65b4bc56 elementor-widget elementor-widget-text-editor\" data-id=\"65b4bc56\" data-element_type=\"widget\" data-widget_type=\"text-editor.default\">\n\t\t\t\t<div class=\"elementor-widget-container\">\n\t\t\t\t\t\t\t\t\t<p>Patient<\/p>\t\t\t\t\t\t\t\t<\/div>\n\t\t\t\t<\/div>\n\t\t\t\t<div class=\"elementor-element elementor-element-38dda44c elementor-widget elementor-widget-heading\" data-id=\"38dda44c\" data-element_type=\"widget\" data-widget_type=\"heading.default\">\n\t\t\t\t<div class=\"elementor-widget-container\">\n\t\t\t\t\t<h3 class=\"elementor-heading-title elementor-size-default\">Art &amp; Science <\/h3>\t\t\t\t<\/div>\n\t\t\t\t<\/div>\n\t\t\t\t<div class=\"elementor-element elementor-element-1fd9d177 elementor-widget elementor-widget-image\" data-id=\"1fd9d177\" data-element_type=\"widget\" data-widget_type=\"image.default\">\n\t\t\t\t<div class=\"elementor-widget-container\">\n\t\t\t\t\t\t\t\t\t\t\t\t\t\t\t<img fetchpriority=\"high\" decoding=\"async\" width=\"800\" height=\"800\" src=\"https:\/\/dralejovillarreal.com\/wp-content\/uploads\/2022\/07\/21-1024x1024.png\" class=\"elementor-animation-grow attachment-large size-large wp-image-11389\" alt=\"21\" srcset=\"https:\/\/dralejovillarreal.com\/wp-content\/uploads\/2022\/07\/21-1024x1024.png 1024w, https:\/\/dralejovillarreal.com\/wp-content\/uploads\/2022\/07\/21-300x300.png 300w, https:\/\/dralejovillarreal.com\/wp-content\/uploads\/2022\/07\/21-150x150.png 150w, https:\/\/dralejovillarreal.com\/wp-content\/uploads\/2022\/07\/21-768x768.png 768w, https:\/\/dralejovillarreal.com\/wp-content\/uploads\/2022\/07\/21-12x12.png 12w, https:\/\/dralejovillarreal.com\/wp-content\/uploads\/2022\/07\/21.png 1080w\" sizes=\"(max-width: 800px) 100vw, 800px\" \/>\t\t\t\t\t\t\t\t\t\t\t\t\t\t\t<\/div>\n\t\t\t\t<\/div>\n\t\t\t\t\t<\/div>\n\t\t<\/div>\n\t\t\t\t<div class=\"elementor-column elementor-col-25 elementor-top-column elementor-element elementor-element-1f03bf1f\" data-id=\"1f03bf1f\" data-element_type=\"column\">\n\t\t\t<div class=\"elementor-widget-wrap elementor-element-populated\">\n\t\t\t\t\t\t<div class=\"elementor-element elementor-element-4bf9c25 elementor-widget elementor-widget-image\" data-id=\"4bf9c25\" data-element_type=\"widget\" data-widget_type=\"image.default\">\n\t\t\t\t<div class=\"elementor-widget-container\">\n\t\t\t\t\t\t\t\t\t\t\t\t\t\t\t<img decoding=\"async\" width=\"800\" height=\"800\" src=\"https:\/\/dralejovillarreal.com\/wp-content\/uploads\/2022\/07\/22-1024x1024.png\" class=\"elementor-animation-grow attachment-large size-large wp-image-11390\" alt=\"22\" srcset=\"https:\/\/dralejovillarreal.com\/wp-content\/uploads\/2022\/07\/22-1024x1024.png 1024w, https:\/\/dralejovillarreal.com\/wp-content\/uploads\/2022\/07\/22-300x300.png 300w, https:\/\/dralejovillarreal.com\/wp-content\/uploads\/2022\/07\/22-150x150.png 150w, https:\/\/dralejovillarreal.com\/wp-content\/uploads\/2022\/07\/22-768x768.png 768w, https:\/\/dralejovillarreal.com\/wp-content\/uploads\/2022\/07\/22-12x12.png 12w, https:\/\/dralejovillarreal.com\/wp-content\/uploads\/2022\/07\/22.png 1080w\" sizes=\"(max-width: 800px) 100vw, 800px\" \/>\t\t\t\t\t\t\t\t\t\t\t\t\t\t\t<\/div>\n\t\t\t\t<\/div>\n\t\t\t\t<div class=\"elementor-element elementor-element-79a667eb elementor-widget elementor-widget-text-editor\" data-id=\"79a667eb\" data-element_type=\"widget\" data-widget_type=\"text-editor.default\">\n\t\t\t\t<div class=\"elementor-widget-container\">\n\t\t\t\t\t\t\t\t\t<p class=\"p1\">What we feel is reflected in the smile.<\/p><p>_ Alex Huerta<\/p>\t\t\t\t\t\t\t\t<\/div>\n\t\t\t\t<\/div>\n\t\t\t\t\t<\/div>\n\t\t<\/div>\n\t\t\t\t<div class=\"elementor-column elementor-col-25 elementor-top-column elementor-element elementor-element-7a1c8eb4\" data-id=\"7a1c8eb4\" data-element_type=\"column\">\n\t\t\t<div class=\"elementor-widget-wrap elementor-element-populated\">\n\t\t\t\t\t\t<div class=\"elementor-element elementor-element-6e7724df elementor-widget elementor-widget-image\" data-id=\"6e7724df\" data-element_type=\"widget\" data-widget_type=\"image.default\">\n\t\t\t\t<div class=\"elementor-widget-container\">\n\t\t\t\t\t\t\t\t\t\t\t\t\t\t\t<img decoding=\"async\" width=\"1080\" height=\"1080\" src=\"https:\/\/dralejovillarreal.com\/wp-content\/uploads\/2022\/07\/23.png\" class=\"elementor-animation-grow attachment-full size-full wp-image-11391\" alt=\"23\" srcset=\"https:\/\/dralejovillarreal.com\/wp-content\/uploads\/2022\/07\/23.png 1080w, https:\/\/dralejovillarreal.com\/wp-content\/uploads\/2022\/07\/23-300x300.png 300w, https:\/\/dralejovillarreal.com\/wp-content\/uploads\/2022\/07\/23-1024x1024.png 1024w, https:\/\/dralejovillarreal.com\/wp-content\/uploads\/2022\/07\/23-150x150.png 150w, https:\/\/dralejovillarreal.com\/wp-content\/uploads\/2022\/07\/23-768x768.png 768w, https:\/\/dralejovillarreal.com\/wp-content\/uploads\/2022\/07\/23-12x12.png 12w\" sizes=\"(max-width: 1080px) 100vw, 1080px\" \/>\t\t\t\t\t\t\t\t\t\t\t\t\t\t\t<\/div>\n\t\t\t\t<\/div>\n\t\t\t\t\t<\/div>\n\t\t<\/div>\n\t\t\t\t<div class=\"elementor-column elementor-col-25 elementor-top-column elementor-element elementor-element-e2fe679\" data-id=\"e2fe679\" data-element_type=\"column\">\n\t\t\t<div class=\"elementor-widget-wrap elementor-element-populated\">\n\t\t\t\t\t\t<div class=\"elementor-element elementor-element-6af5268 elementor-widget elementor-widget-image\" data-id=\"6af5268\" data-element_type=\"widget\" data-widget_type=\"image.default\">\n\t\t\t\t<div class=\"elementor-widget-container\">\n\t\t\t\t\t\t\t\t\t\t\t\t\t\t\t<img loading=\"lazy\" decoding=\"async\" width=\"1080\" height=\"1080\" src=\"https:\/\/dralejovillarreal.com\/wp-content\/uploads\/2022\/07\/24.png\" class=\"elementor-animation-grow attachment-full size-full wp-image-11392\" alt=\"24\" srcset=\"https:\/\/dralejovillarreal.com\/wp-content\/uploads\/2022\/07\/24.png 1080w, https:\/\/dralejovillarreal.com\/wp-content\/uploads\/2022\/07\/24-300x300.png 300w, https:\/\/dralejovillarreal.com\/wp-content\/uploads\/2022\/07\/24-1024x1024.png 1024w, https:\/\/dralejovillarreal.com\/wp-content\/uploads\/2022\/07\/24-150x150.png 150w, https:\/\/dralejovillarreal.com\/wp-content\/uploads\/2022\/07\/24-768x768.png 768w, https:\/\/dralejovillarreal.com\/wp-content\/uploads\/2022\/07\/24-12x12.png 12w\" sizes=\"(max-width: 1080px) 100vw, 1080px\" \/>\t\t\t\t\t\t\t\t\t\t\t\t\t\t\t<\/div>\n\t\t\t\t<\/div>\n\t\t\t\t\t<\/div>\n\t\t<\/div>\n\t\t\t\t\t<\/div>\n\t\t<\/section>\n\t\t\t\t<section class=\"elementor-section elementor-top-section elementor-element elementor-element-2a020cdf elementor-section-content-middle elementor-section-boxed elementor-section-height-default elementor-section-height-default\" data-id=\"2a020cdf\" data-element_type=\"section\" data-settings=\"{&quot;background_background&quot;:&quot;classic&quot;}\">\n\t\t\t\t\t\t<div class=\"elementor-container elementor-column-gap-no\">\n\t\t\t\t\t<div class=\"elementor-column elementor-col-100 elementor-top-column elementor-element elementor-element-48721c3b\" data-id=\"48721c3b\" data-element_type=\"column\">\n\t\t\t<div class=\"elementor-widget-wrap elementor-element-populated\">\n\t\t\t\t\t\t<div class=\"elementor-element elementor-element-148cf47b elementor-widget elementor-widget-heading\" data-id=\"148cf47b\" data-element_type=\"widget\" data-widget_type=\"heading.default\">\n\t\t\t\t<div class=\"elementor-widget-container\">\n\t\t\t\t\t<h2 class=\"elementor-heading-title elementor-size-default\">Patients <\/h2>\t\t\t\t<\/div>\n\t\t\t\t<\/div>\n\t\t\t\t<div class=\"elementor-element elementor-element-5ca47573 elementor-widget elementor-widget-heading\" data-id=\"5ca47573\" data-element_type=\"widget\" data-widget_type=\"heading.default\">\n\t\t\t\t<div class=\"elementor-widget-container\">\n\t\t\t\t\t<h5 class=\"elementor-heading-title elementor-size-default\">Get to know us<\/h5>\t\t\t\t<\/div>\n\t\t\t\t<\/div>\n\t\t\t\t<section class=\"elementor-section elementor-inner-section elementor-element elementor-element-37e59640 elementor-section-boxed elementor-section-height-default elementor-section-height-default\" data-id=\"37e59640\" data-element_type=\"section\">\n\t\t\t\t\t\t<div class=\"elementor-container elementor-column-gap-default\">\n\t\t\t\t\t<div class=\"elementor-column elementor-col-33 elementor-inner-column elementor-element elementor-element-2274f247\" data-id=\"2274f247\" data-element_type=\"column\" data-settings=\"{&quot;background_background&quot;:&quot;classic&quot;}\">\n\t\t\t<div class=\"elementor-widget-wrap elementor-element-populated\">\n\t\t\t\t\t<div class=\"elementor-background-overlay\"><\/div>\n\t\t\t\t\t\t<div class=\"elementor-element elementor-element-6777c63 elementor-widget elementor-widget-image\" data-id=\"6777c63\" data-element_type=\"widget\" data-widget_type=\"image.default\">\n\t\t\t\t<div class=\"elementor-widget-container\">\n\t\t\t\t\t\t\t\t\t\t\t\t\t\t\t<img loading=\"lazy\" decoding=\"async\" width=\"800\" height=\"800\" src=\"https:\/\/dralejovillarreal.com\/wp-content\/uploads\/2022\/07\/Realself-2-1024x1024.png\" class=\"elementor-animation-grow attachment-large size-large wp-image-11446\" alt=\"Realself 2\" srcset=\"https:\/\/dralejovillarreal.com\/wp-content\/uploads\/2022\/07\/Realself-2-1024x1024.png 1024w, https:\/\/dralejovillarreal.com\/wp-content\/uploads\/2022\/07\/Realself-2-300x300.png 300w, https:\/\/dralejovillarreal.com\/wp-content\/uploads\/2022\/07\/Realself-2-150x150.png 150w, https:\/\/dralejovillarreal.com\/wp-content\/uploads\/2022\/07\/Realself-2-768x768.png 768w, https:\/\/dralejovillarreal.com\/wp-content\/uploads\/2022\/07\/Realself-2-12x12.png 12w, https:\/\/dralejovillarreal.com\/wp-content\/uploads\/2022\/07\/Realself-2.png 1080w\" sizes=\"(max-width: 800px) 100vw, 800px\" \/>\t\t\t\t\t\t\t\t\t\t\t\t\t\t\t<\/div>\n\t\t\t\t<\/div>\n\t\t\t\t\t<\/div>\n\t\t<\/div>\n\t\t\t\t<div class=\"elementor-column elementor-col-33 elementor-inner-column elementor-element elementor-element-2e0f53e\" data-id=\"2e0f53e\" data-element_type=\"column\" data-settings=\"{&quot;background_background&quot;:&quot;classic&quot;}\">\n\t\t\t<div class=\"elementor-widget-wrap elementor-element-populated\">\n\t\t\t\t\t<div class=\"elementor-background-overlay\"><\/div>\n\t\t\t\t\t\t<div class=\"elementor-element elementor-element-d7723e6 elementor-widget elementor-widget-image\" data-id=\"d7723e6\" data-element_type=\"widget\" data-widget_type=\"image.default\">\n\t\t\t\t<div class=\"elementor-widget-container\">\n\t\t\t\t\t\t\t\t\t\t\t\t\t\t\t<img loading=\"lazy\" decoding=\"async\" width=\"800\" height=\"800\" src=\"https:\/\/dralejovillarreal.com\/wp-content\/uploads\/2022\/07\/Realself-1-1024x1024.png\" class=\"elementor-animation-grow attachment-large size-large wp-image-11444\" alt=\"Realself 1\" srcset=\"https:\/\/dralejovillarreal.com\/wp-content\/uploads\/2022\/07\/Realself-1-1024x1024.png 1024w, https:\/\/dralejovillarreal.com\/wp-content\/uploads\/2022\/07\/Realself-1-300x300.png 300w, https:\/\/dralejovillarreal.com\/wp-content\/uploads\/2022\/07\/Realself-1-150x150.png 150w, https:\/\/dralejovillarreal.com\/wp-content\/uploads\/2022\/07\/Realself-1-768x768.png 768w, https:\/\/dralejovillarreal.com\/wp-content\/uploads\/2022\/07\/Realself-1-12x12.png 12w, https:\/\/dralejovillarreal.com\/wp-content\/uploads\/2022\/07\/Realself-1.png 1080w\" sizes=\"(max-width: 800px) 100vw, 800px\" \/>\t\t\t\t\t\t\t\t\t\t\t\t\t\t\t<\/div>\n\t\t\t\t<\/div>\n\t\t\t\t\t<\/div>\n\t\t<\/div>\n\t\t\t\t<div class=\"elementor-column elementor-col-33 elementor-inner-column elementor-element elementor-element-7663722\" data-id=\"7663722\" data-element_type=\"column\" data-settings=\"{&quot;background_background&quot;:&quot;classic&quot;}\">\n\t\t\t<div class=\"elementor-widget-wrap elementor-element-populated\">\n\t\t\t\t\t<div class=\"elementor-background-overlay\"><\/div>\n\t\t\t\t\t\t<div class=\"elementor-element elementor-element-57e6217 elementor-widget elementor-widget-image\" data-id=\"57e6217\" data-element_type=\"widget\" data-widget_type=\"image.default\">\n\t\t\t\t<div class=\"elementor-widget-container\">\n\t\t\t\t\t\t\t\t\t\t\t\t\t\t\t\t<a href=\"https:\/\/www.instagram.com\/dr.alejovillarreal\/\" target=\"_blank\" rel=\"noopener\">\n\t\t\t\t\t\t\t<img loading=\"lazy\" decoding=\"async\" width=\"800\" height=\"811\" src=\"https:\/\/dralejovillarreal.com\/wp-content\/uploads\/2022\/07\/Alejo-Instagram-1010x1024.png\" class=\"elementor-animation-grow attachment-large size-large wp-image-11436\" alt=\"Alejo Instagram\" srcset=\"https:\/\/dralejovillarreal.com\/wp-content\/uploads\/2022\/07\/Alejo-Instagram-1010x1024.png 1010w, https:\/\/dralejovillarreal.com\/wp-content\/uploads\/2022\/07\/Alejo-Instagram-296x300.png 296w, https:\/\/dralejovillarreal.com\/wp-content\/uploads\/2022\/07\/Alejo-Instagram-768x779.png 768w, https:\/\/dralejovillarreal.com\/wp-content\/uploads\/2022\/07\/Alejo-Instagram-12x12.png 12w, https:\/\/dralejovillarreal.com\/wp-content\/uploads\/2022\/07\/Alejo-Instagram.png 1262w\" sizes=\"(max-width: 800px) 100vw, 800px\" \/>\t\t\t\t\t\t\t\t<\/a>\n\t\t\t\t\t\t\t\t\t\t\t\t\t\t\t<\/div>\n\t\t\t\t<\/div>\n\t\t\t\t\t<\/div>\n\t\t<\/div>\n\t\t\t\t\t<\/div>\n\t\t<\/section>\n\t\t\t\t\t<\/div>\n\t\t<\/div>\n\t\t\t\t\t<\/div>\n\t\t<\/section>\n\t\t\t\t<\/div>","protected":false},"excerpt":{"rendered":"<p>Reserva una videollamada gratis Conoce los precios y requisitos antes de programar una consulta con el Dr. Alejo Villarreal sobre cirug\u00eda ortogn\u00e1tica, de mand\u00edbula o cirug\u00edas est\u00e9ticas. arrow-icon-size3 Reservar Perfecci\u00f3n personalizada Una imagen vale m\u00e1s de mil palabras, y los pacientes del Dr. Villarreal personifican el verdadero significado de ello.\u00a0 Paciente Arte y Ciencia Lo [&hellip;]<\/p>","protected":false},"author":1,"featured_media":0,"parent":0,"menu_order":0,"comment_status":"closed","ping_status":"closed","template":"","meta":{"footnotes":""},"class_list":["post-11335","page","type-page","status-publish","hentry"],"_links":{"self":[{"href":"https:\/\/dralejovillarreal.com\/en\/wp-json\/wp\/v2\/pages\/11335","targetHints":{"allow":["GET"]}}],"collection":[{"href":"https:\/\/dralejovillarreal.com\/en\/wp-json\/wp\/v2\/pages"}],"about":[{"href":"https:\/\/dralejovillarreal.com\/en\/wp-json\/wp\/v2\/types\/page"}],"author":[{"embeddable":true,"href":"https:\/\/dralejovillarreal.com\/en\/wp-json\/wp\/v2\/users\/1"}],"replies":[{"embeddable":true,"href":"https:\/\/dralejovillarreal.com\/en\/wp-json\/wp\/v2\/comments?post=11335"}],"version-history":[{"count":119,"href":"https:\/\/dralejovillarreal.com\/en\/wp-json\/wp\/v2\/pages\/11335\/revisions"}],"predecessor-version":[{"id":13517,"href":"https:\/\/dralejovillarreal.com\/en\/wp-json\/wp\/v2\/pages\/11335\/revisions\/13517"}],"wp:attachment":[{"href":"https:\/\/dralejovillarreal.com\/en\/wp-json\/wp\/v2\/media?parent=11335"}],"curies":[{"name":"wp","href":"https:\/\/api.w.org\/{rel}","templated":true}]}}